{"id":822,"date":"2019-03-09T10:44:15","date_gmt":"2019-03-09T10:44:15","guid":{"rendered":"http:\/\/upndown.hu\/?page_id=822"},"modified":"2019-03-09T10:44:15","modified_gmt":"2019-03-09T10:44:15","slug":"restaurant","status":"publish","type":"page","link":"https:\/\/upndown.hu\/en\/restaurant\/","title":{"rendered":"Restaurant"},"content":{"rendered":"<p>Our menu evokes places, periods and memories we hold dear. Our Hortob\u00e1gy-style pancake, buffalo goulash soup and Megyasz\u00f3 mangalica chop are a nod to our native Hungarian cuisine, side by side other specialties such as chef favorite Beef Wellington, roasted gnocchi and shepherd\u2019s pie. Instead of serving up whatever the latest gastro trends tell us to, Up &amp; Down takes pride in creating seasonal fare that features the freshest ingredients available. Come autumn, our dishes are rich with sunchoke, Spanish salsify, savoy cabbage, hip and chestnut, while warmer months put us in the mood for green peas, rhubarb, tomatoes, asparagus and ramsons.<\/p>\n<h2>Attila &#8211; chef<\/h2>\n<p>I like classic flavors. I\u2019ve never been one to follow trends. I create menus to match seasons and audiences, and my own taste.<\/p>\n<p>I started my culinary career in Debrecen, then ventured out to Spain and the United Kingdom. In London, I actually had the chance to work in Gordon Ramsay\u2019s Michelin-starred restaurant for years. I learned an awful lot there. Once I\u2019d got back home, I fell in love with the world of fine dining once and for all. I served as a sous-chef under the direction of Miguel Rocha Vieira at Costes, followed by being a chef at Bori Mami and Lulu.<\/p>\n<p>There are dishes that I keep on the menu wherever I go but I never make them quite the same way. I jazz up the recipe or the presentation. My all-time favorites are Foie Gras Parfait and Beef Wellington, along with creamy pinched noodles from Hungarian specialties. When it comes to ingredients, I tend to use sunchoke, Spanish salsify, savoy cabbage, hip and chestnut a lot in the winter months. Spring and summer are all about green peas, rhubarb, tomatoes, asparagus and ramsons for me.<\/p>\n<p>If I had to say one thing why you can\u2019t miss Up &amp; Down, it\u2019d be the quail. And the view isn\u2019t all that bad either.<\/p>\n<h2>Dono &#8211; Restaurant manager<\/h2>\n<p>I joined Up &amp; Down back in 2015 when it first opened. Today I work as the restaurant\u2019s manager, overseeing, developing and strengthening the team.<\/p>\n<p>Up &amp; Down is not your everyday place. But what makes it really special is the team behind it. Putting together a good team is not as easy as it sounds, and it\u2019s even harder to keep it together. Our waiters are hard-working and attentive, and our bartenders are simply incredible: they only work with cocktail recipes they have come up with themselves. I don\u2019t just manage people but help out wherever it\u2019s needed: I serve food or work behind the bar. I believe that being a leader is way more than delegating tasks. For me, it\u2019s just as important to do my part, together with the others.<\/p>\n<p>I love what I do. No two days are ever the same: I always meet new people and come across new challenges. The hardest of them all is remembering every guest\u2019s every request, and making them happen. But that\u2019s what our job is all about. What makes me the proudest? Customers\u2019 feedback, for sure. As soon as they set foot in our restaurant, we do our best to ensure that they can wind down and truly enjoy themselves. As if they\u2019d come to visit an old friend. But this can only work if you put your heart and soul in it.<\/p>\n","protected":false},"excerpt":{"rendered":"<p>Our menu evokes places, periods and memories we hold dear. Our Hortob\u00e1gy-style pancake, buffalo goulash soup and Megyasz\u00f3 mangalica chop are a nod to our native Hungarian cuisine, side by side other specialties such as chef favorite Beef Wellington, roasted gnocchi and shepherd\u2019s pie. Instead of serving up whatever the latest gastro trends tell us [&hellip;]<\/p>\n","protected":false},"author":4,"featured_media":0,"parent":0,"menu_order":0,"comment_status":"closed","ping_status":"closed","template":"","meta":{"_acf_changed":false,"_genesis_hide_title":false,"_genesis_hide_breadcrumbs":false,"_genesis_hide_singular_image":false,"_genesis_hide_footer_widgets":false,"_genesis_custom_body_class":"","_genesis_custom_post_class":"","_genesis_layout":"","ngg_post_thumbnail":0,"footnotes":""},"class_list":{"0":"post-822","1":"page","2":"type-page","3":"status-publish","5":"entry"},"acf":[],"yoast_head":"<!-- This site is optimized with the Yoast SEO plugin v27.5 - https:\/\/yoast.com\/product\/yoast-seo-wordpress\/ -->\n<title>Restaurant - Up &amp; Down \u00c9tterem<\/title>\n<meta name=\"robots\" content=\"index, follow, max-snippet:-1, max-image-preview:large, max-video-preview:-1\" \/>\n<link rel=\"canonical\" href=\"https:\/\/upndown.hu\/en\/restaurant\/\" \/>\n<meta property=\"og:locale\" content=\"en_US\" \/>\n<meta property=\"og:type\" content=\"article\" \/>\n<meta property=\"og:title\" content=\"Restaurant - Up &amp; Down \u00c9tterem\" \/>\n<meta property=\"og:description\" content=\"Our menu evokes places, periods and memories we hold dear. Our Hortob\u00e1gy-style pancake, buffalo goulash soup and Megyasz\u00f3 mangalica chop are a nod to our native Hungarian cuisine, side by side other specialties such as chef favorite Beef Wellington, roasted gnocchi and shepherd\u2019s pie. Instead of serving up whatever the latest gastro trends tell us [&hellip;]\" \/>\n<meta property=\"og:url\" content=\"https:\/\/upndown.hu\/en\/restaurant\/\" \/>\n<meta property=\"og:site_name\" content=\"Up &amp; Down \u00c9tterem\" \/>\n<meta name=\"twitter:card\" content=\"summary_large_image\" \/>\n<meta name=\"twitter:label1\" content=\"Est. reading time\" \/>\n\t<meta name=\"twitter:data1\" content=\"3 minutes\" \/>\n<script type=\"application\/ld+json\" class=\"yoast-schema-graph\">{\"@context\":\"https:\\\/\\\/schema.org\",\"@graph\":[{\"@type\":\"WebPage\",\"@id\":\"https:\\\/\\\/upndown.hu\\\/en\\\/restaurant\\\/\",\"url\":\"https:\\\/\\\/upndown.hu\\\/en\\\/restaurant\\\/\",\"name\":\"Restaurant - Up &amp; Down \u00c9tterem\",\"isPartOf\":{\"@id\":\"https:\\\/\\\/upndown.hu\\\/#website\"},\"datePublished\":\"2019-03-09T10:44:15+00:00\",\"breadcrumb\":{\"@id\":\"https:\\\/\\\/upndown.hu\\\/en\\\/restaurant\\\/#breadcrumb\"},\"inLanguage\":\"en-US\",\"potentialAction\":[{\"@type\":\"ReadAction\",\"target\":[\"https:\\\/\\\/upndown.hu\\\/en\\\/restaurant\\\/\"]}]},{\"@type\":\"BreadcrumbList\",\"@id\":\"https:\\\/\\\/upndown.hu\\\/en\\\/restaurant\\\/#breadcrumb\",\"itemListElement\":[{\"@type\":\"ListItem\",\"position\":1,\"name\":\"Home\",\"item\":\"https:\\\/\\\/upndown.hu\\\/\"},{\"@type\":\"ListItem\",\"position\":2,\"name\":\"Restaurant\"}]},{\"@type\":\"WebSite\",\"@id\":\"https:\\\/\\\/upndown.hu\\\/#website\",\"url\":\"https:\\\/\\\/upndown.hu\\\/\",\"name\":\"Up &amp; Down \u00c9tterem\",\"description\":\"\",\"potentialAction\":[{\"@type\":\"SearchAction\",\"target\":{\"@type\":\"EntryPoint\",\"urlTemplate\":\"https:\\\/\\\/upndown.hu\\\/?s={search_term_string}\"},\"query-input\":{\"@type\":\"PropertyValueSpecification\",\"valueRequired\":true,\"valueName\":\"search_term_string\"}}],\"inLanguage\":\"en-US\"}]}<\/script>\n<!-- \/ Yoast SEO plugin. -->","yoast_head_json":{"title":"Restaurant - Up &amp; Down \u00c9tterem","robots":{"index":"index","follow":"follow","max-snippet":"max-snippet:-1","max-image-preview":"max-image-preview:large","max-video-preview":"max-video-preview:-1"},"canonical":"https:\/\/upndown.hu\/en\/restaurant\/","og_locale":"en_US","og_type":"article","og_title":"Restaurant - Up &amp; Down \u00c9tterem","og_description":"Our menu evokes places, periods and memories we hold dear. Our Hortob\u00e1gy-style pancake, buffalo goulash soup and Megyasz\u00f3 mangalica chop are a nod to our native Hungarian cuisine, side by side other specialties such as chef favorite Beef Wellington, roasted gnocchi and shepherd\u2019s pie. Instead of serving up whatever the latest gastro trends tell us [&hellip;]","og_url":"https:\/\/upndown.hu\/en\/restaurant\/","og_site_name":"Up &amp; Down \u00c9tterem","twitter_card":"summary_large_image","twitter_misc":{"Est. reading time":"3 minutes"},"schema":{"@context":"https:\/\/schema.org","@graph":[{"@type":"WebPage","@id":"https:\/\/upndown.hu\/en\/restaurant\/","url":"https:\/\/upndown.hu\/en\/restaurant\/","name":"Restaurant - Up &amp; Down \u00c9tterem","isPartOf":{"@id":"https:\/\/upndown.hu\/#website"},"datePublished":"2019-03-09T10:44:15+00:00","breadcrumb":{"@id":"https:\/\/upndown.hu\/en\/restaurant\/#breadcrumb"},"inLanguage":"en-US","potentialAction":[{"@type":"ReadAction","target":["https:\/\/upndown.hu\/en\/restaurant\/"]}]},{"@type":"BreadcrumbList","@id":"https:\/\/upndown.hu\/en\/restaurant\/#breadcrumb","itemListElement":[{"@type":"ListItem","position":1,"name":"Home","item":"https:\/\/upndown.hu\/"},{"@type":"ListItem","position":2,"name":"Restaurant"}]},{"@type":"WebSite","@id":"https:\/\/upndown.hu\/#website","url":"https:\/\/upndown.hu\/","name":"Up &amp; Down \u00c9tterem","description":"","potentialAction":[{"@type":"SearchAction","target":{"@type":"EntryPoint","urlTemplate":"https:\/\/upndown.hu\/?s={search_term_string}"},"query-input":{"@type":"PropertyValueSpecification","valueRequired":true,"valueName":"search_term_string"}}],"inLanguage":"en-US"}]}},"_links":{"self":[{"href":"https:\/\/upndown.hu\/en\/wp-json\/wp\/v2\/pages\/822","targetHints":{"allow":["GET"]}}],"collection":[{"href":"https:\/\/upndown.hu\/en\/wp-json\/wp\/v2\/pages"}],"about":[{"href":"https:\/\/upndown.hu\/en\/wp-json\/wp\/v2\/types\/page"}],"author":[{"embeddable":true,"href":"https:\/\/upndown.hu\/en\/wp-json\/wp\/v2\/users\/4"}],"replies":[{"embeddable":true,"href":"https:\/\/upndown.hu\/en\/wp-json\/wp\/v2\/comments?post=822"}],"version-history":[{"count":1,"href":"https:\/\/upndown.hu\/en\/wp-json\/wp\/v2\/pages\/822\/revisions"}],"predecessor-version":[{"id":823,"href":"https:\/\/upndown.hu\/en\/wp-json\/wp\/v2\/pages\/822\/revisions\/823"}],"wp:attachment":[{"href":"https:\/\/upndown.hu\/en\/wp-json\/wp\/v2\/media?parent=822"}],"curies":[{"name":"wp","href":"https:\/\/api.w.org\/{rel}","templated":true}]}}